{"id":4414,"date":"2026-05-03T08:53:45","date_gmt":"2026-05-03T08:53:45","guid":{"rendered":"https:\/\/daloto.arzbilisim.com\/?page_id=4414"},"modified":"2026-05-03T08:53:45","modified_gmt":"2026-05-03T08:53:45","slug":"ek-moduller","status":"publish","type":"page","link":"https:\/\/arzbilisim.com\/?page_id=4414","title":{"rendered":"EK MOD\u00dcLLER"},"content":{"rendered":"\n<h4 class=\"wp-block-heading\">B\u00fct\u00e7e Y\u00f6netimi<\/h4>\n\n\n\n<p>Gelir,Gider B\u00fct\u00e7elerinizi Stok Baz\u0131nda planlay\u0131n,izleyin ve karar verir.<\/p>\n\n\n\n<p>B\u00dcT\u00c7E&nbsp;Y\u00d6NET\u0130M\u0130 \u00d6ZELL\u0130KLER\u0130<\/p>\n\n\n\n<ul class=\"wp-block-list\">\n<li>Gelir, Gider B\u00fct\u00e7esi Tan\u0131mlayabilme.<\/li>\n\n\n\n<li>Evrak Giri\u015flerinde T\u00fcm\u00fcne veya Evrak Detay\u0131nda Ayr\u0131 Ayr\u0131 B\u00fct\u00e7e Se\u00e7ebilme.<\/li>\n\n\n\n<li>B\u00fct\u00e7e Raporlar\u0131 Olu\u015fturabilme.<\/li>\n\n\n\n<li>Stok Al\u0131\u015f veya Sat\u0131\u015f B\u00fct\u00e7esi Olu\u015fturabilme.<\/li>\n\n\n\n<li>Departman veya Proje Bazl\u0131 B\u00fct\u00e7e Takip Edilebilir.<\/li>\n\n\n\n<li>Mobil Uygulama ile desteklenmektedir.<\/li>\n<\/ul>\n\n\n\n<h4 class=\"wp-block-heading\">Seri ve Lot Takibi<\/h4>\n\n\n\n<p>\u00dcr\u00fcnlerinizi Seri ve Lot Takibi ile izlenilebilirli\u011fini kontrol edin.<\/p>\n\n\n\n<p>SER\u0130 VE LOT TAK\u0130B\u0130&nbsp;\u00d6ZELL\u0130KLER\u0130<\/p>\n\n\n\n<ul class=\"wp-block-list\">\n<li>Garanti Ba\u015flang\u0131\u00e7 ve Biti\u015fi Takibi.<\/li>\n\n\n\n<li>Giri\u015fte Seri veya Lot olu\u015fturma.<\/li>\n\n\n\n<li>\u00c7\u0131k\u0131\u015f \u0130\u015flemlerinde Serili veya Lotlu \u00c7\u0131k\u0131\u015f.<\/li>\n\n\n\n<li>Serbest Seri Takibi.<\/li>\n\n\n\n<li>\u00c7oklu Seri ve Lot Giri\u015fi veya \u00c7\u0131k\u0131\u015f\u0131.<\/li>\n\n\n\n<li>Lot Detektifi Sayesinde \u0130zlenebilirlik.<\/li>\n\n\n\n<li>Mobil Uygulama ile desteklenmektedir.<\/li>\n<\/ul>\n\n\n\n<h4 class=\"wp-block-heading\">Renk ve Beden Takibi<\/h4>\n\n\n\n<p>\u00dcr\u00fcnlerinizin Renk, Beden, Sezon, Asorti bilgilerini girerek kolayca takip edin.<\/p>\n\n\n\n<p>RENK VE BEDEN TAK\u0130B\u0130&nbsp;\u00d6ZELL\u0130KLER\u0130<\/p>\n\n\n\n<ul class=\"wp-block-list\">\n<li>Tek Stok Kart\u0131 \u00dczerinden Renk, Bedenli Stok A\u00e7abilme.<\/li>\n\n\n\n<li>Giri\u015f ve \u00c7\u0131k\u0131\u015flarda Renk, Beden Asorti Se\u00e7ebilme.<\/li>\n\n\n\n<li>Giri\u015flerde Otomatik Barkod Olu\u015fturulabilir.<\/li>\n\n\n\n<li>Asorti Tan\u0131mlanabilir ve Asorti Barkodu olu\u015fturulabilir.<\/li>\n\n\n\n<li>Mobil Uygulama ile desteklenmektedir.<\/li>\n<\/ul>\n\n\n\n<h4 class=\"wp-block-heading\">Kantar Entegrasyon<\/h4>\n\n\n\n<p>Kantar ile direk entegre olarak Giri\u015f \u00c7\u0131k\u0131\u015flar\u0131n\u0131z\u0131 Plakaya g\u00f6re kontrol edin.<\/p>\n\n\n\n<p>KANTAR S\u0130STEM\u0130 \u00d6ZELL\u0130KLER\u0130<\/p>\n\n\n\n<ul class=\"wp-block-list\">\n<li>Otomatik Dara alma \u00f6zelli\u011fi<\/li>\n\n\n\n<li>Firma,Plaka,\u015eof\u00f6r Tan\u0131mlama<\/li>\n\n\n\n<li>\u00c7\u0131k\u0131\u015fta Otomatik \u0130rsaliye Kesebilme.<\/li>\n\n\n\n<li>e-\u0130rsaliye \u00fczerine Beton Santralleri i\u00e7in QR kodu basabilme.<br><\/li>\n<\/ul>\n\n\n\n<h4 class=\"wp-block-heading\">Kartl\u0131, C\u00fczdan ve Ge\u00e7i\u015f Sistemi<\/h4>\n\n\n\n<p>Havuz , Spor Salonu vb. \u0130\u015fletmelerinizin giri\u015f \u00e7\u0131k\u0131\u015flar\u0131n\u0131 kontrol alt\u0131na al\u0131n.<\/p>\n\n\n\n<p>KARTLI C\u00dcZDAN ve GE\u00c7\u0130\u015e S\u0130STEM\u0130 \u00d6ZELL\u0130KLER\u0130<\/p>\n\n\n\n<ul class=\"wp-block-list\">\n<li>Ge\u00e7i\u015f y\u00fckleme<\/li>\n\n\n\n<li>Abonelik Tan\u0131mlama<\/li>\n\n\n\n<li>Depozito takip edebilme<\/li>\n\n\n\n<li>Turnike A\u00e7abilme<\/li>\n\n\n\n<li>Karta Para Y\u00fckleme \/ Para \u0130ade<\/li>\n\n\n\n<li>Paras\u0131z Al\u0131\u015fveri\u015f \u0130mkani<\/li>\n\n\n\n<li>G\u00fcn Sonu i\u015flemleri ve Raporlama<\/li>\n\n\n\n<li>Finans ve Muhasebe Entegrasyonu<\/li>\n<\/ul>\n\n\n\n<h4 class=\"wp-block-heading\">TDS Entegrasyon (API)<\/h4>\n\n\n\n<p>Yaz\u0131l\u0131mlar\u0131m\u0131za Zahmetsizce Entegre Olun<\/p>\n\n\n\n<p>TDS ENTEGRASYON \u00d6ZELL\u0130KLER\u0130<\/p>\n\n\n\n<ul class=\"wp-block-list\">\n<li>REST veya SOAP olarak entegrasyon se\u00e7ene\u011fi ile kendi uygulamalar\u0131n\u0131za tam entegre edilebilir.<\/li>\n\n\n\n<li>Fatura , \u0130rsaliye , Sipari\u015f vb. Evraklar\u0131n olu\u015fturulmas\u0131na olanak sa\u011flar.<\/li>\n\n\n\n<li>Stok Kart\u0131 , Cari Kart\u0131 A\u00e7\u0131labilir.<\/li>\n\n\n\n<li>Nakit , K.Kart\u0131 gibi \u00d6demeler Kay\u0131t Edilebilir.<\/li>\n<\/ul>\n","protected":false},"excerpt":{"rendered":"<p>B\u00fct\u00e7e Y\u00f6netimi Gelir,Gider B\u00fct\u00e7elerinizi Stok Baz\u0131nda planlay\u0131n,izleyin ve karar verir. B\u00dcT\u00c7E&nbsp;Y\u00d6NET\u0130M\u0130 \u00d6ZELL\u0130KLER\u0130 Seri ve Lot Takibi \u00dcr\u00fcnlerinizi Seri ve Lot Takibi ile izlenilebilirli\u011fini kontrol edin. SER\u0130 VE LOT TAK\u0130B\u0130&nbsp;\u00d6ZELL\u0130KLER\u0130 Renk &#8230;<\/p>\n","protected":false},"author":1,"featured_media":0,"parent":0,"menu_order":0,"comment_status":"closed","ping_status":"closed","template":"template-fullwidth.php","meta":{"footnotes":""},"class_list":["post-4414","page","type-page","status-publish","hentry"],"_links":{"self":[{"href":"https:\/\/arzbilisim.com\/index.php?rest_route=\/wp\/v2\/pages\/4414","targetHints":{"allow":["GET"]}}],"collection":[{"href":"https:\/\/arzbilisim.com\/index.php?rest_route=\/wp\/v2\/pages"}],"about":[{"href":"https:\/\/arzbilisim.com\/index.php?rest_route=\/wp\/v2\/types\/page"}],"author":[{"embeddable":true,"href":"https:\/\/arzbilisim.com\/index.php?rest_route=\/wp\/v2\/users\/1"}],"replies":[{"embeddable":true,"href":"https:\/\/arzbilisim.com\/index.php?rest_route=%2Fwp%2Fv2%2Fcomments&post=4414"}],"version-history":[{"count":1,"href":"https:\/\/arzbilisim.com\/index.php?rest_route=\/wp\/v2\/pages\/4414\/revisions"}],"predecessor-version":[{"id":4415,"href":"https:\/\/arzbilisim.com\/index.php?rest_route=\/wp\/v2\/pages\/4414\/revisions\/4415"}],"wp:attachment":[{"href":"https:\/\/arzbilisim.com\/index.php?rest_route=%2Fwp%2Fv2%2Fmedia&parent=4414"}],"curies":[{"name":"wp","href":"https:\/\/api.w.org\/{rel}","templated":true}]}}