{"id":4412,"date":"2026-05-03T08:52:46","date_gmt":"2026-05-03T08:52:46","guid":{"rendered":"https:\/\/daloto.arzbilisim.com\/?page_id=4412"},"modified":"2026-05-03T08:52:47","modified_gmt":"2026-05-03T08:52:47","slug":"sysmond-syspos","status":"publish","type":"page","link":"https:\/\/arzbilisim.com\/?page_id=4412","title":{"rendered":"SysMOND SysPOS"},"content":{"rendered":"\n<p>sysPOS \u00d6ZELL\u0130KLER\u0130<\/p>\n\n\n\n<ul class=\"wp-block-list\">\n<li>Barkodlu Sat\u0131\u015f Yapabilme \u00d6zelli\u011fi.<\/li>\n\n\n\n<li>Pe\u015fin ,Kredi Kart\u0131 ve Veresiye Sat\u0131\u015f Yapabilme<\/li>\n\n\n\n<li>Veresiye Yap\u0131lan Sat\u0131\u015flar\u0131n Tahsilat\u0131n\u0131 Yapabilme<\/li>\n\n\n\n<li>Fi\u015f Ask\u0131ya Alma &#8211; Bekleyen Fi\u015fi Yazd\u0131\u0131rma<\/li>\n\n\n\n<li>G\u00fcnl\u00fck Yap\u0131lan Masraflar\u0131n Giri\u015flerini Yapabilme<\/li>\n\n\n\n<li>Tahsilat Raporu, Sat\u0131\u015f Raporu, Vardiya Raporu , Personele G\u00f6re Alabilme<\/li>\n\n\n\n<li>Online ve Offline \u00c7al\u0131\u015fabilme<\/li>\n\n\n\n<li>G\u00fcn Sonu \u0130\u015flemleri Yapabilme<\/li>\n\n\n\n<li>Ana Makinaya Ba\u011flant\u0131 Yoksa \u00c7al\u0131\u015fan Bilgilerin Aktar\u0131lmas\u0131<\/li>\n\n\n\n<li>Par\u00e7al\u0131 \u00d6deme Alabilme &#8211; Yar\u0131s\u0131 Nakit &#8211; Yar\u0131s\u0131 Kredi Kart\u0131<\/li>\n\n\n\n<li>Fi\u015f Yaz\u0131c\u0131lar\u0131ndan \u00c7\u0131kt\u0131 Alabilme\u00a0<\/li>\n\n\n\n<li>Fatura Yazd\u0131rabilme.\u00a0<\/li>\n\n\n\n<li>Yeni Nesil Yazar Kasa GMP3 entegrasyonu(HUG\u0130N-OL\u0130VETT\u0130-INGEN\u0130CO,PROF\u0130LO,\u0130NPOS)<\/li>\n\n\n\n<li>Terazi Ba\u011flant\u0131s\u0131<\/li>\n\n\n\n<li>Gezgin Tezgahtar<\/li>\n\n\n\n<li>Puan ve Promosyon Y\u00f6netimi<\/li>\n\n\n\n<li>\u0130ade \u0130\u015flemleri ve \u0130ade Kart\u0131<\/li>\n\n\n\n<li>Yemek \u00c7eki \u0130le \u00d6deme Alabilme<\/li>\n\n\n\n<li>Windows 7 ,Windows 8, Windows 10\u00a0<\/li>\n\n\n\n<li>Estetik Tasar\u0131m\u0131 ile Kolay Kullan\u0131m.<\/li>\n<\/ul>\n\n\n\n<h4 class=\"wp-block-heading\">Market<\/h4>\n\n\n\n<p>MARKET Y\u00d6NET\u0130M\u0130 \u00d6ZELL\u0130KLER\u0130<\/p>\n\n\n\n<ul class=\"wp-block-list\">\n<li>POS ve Yazarkasadan al\u0131nan bilgilerin finans ve stok y\u00f6netimi mod\u00fcllerine otomatik entegrasyonu sa\u011flan\u0131r.<\/li>\n\n\n\n<li>Ayr\u0131nt\u0131l\u0131 sat\u0131\u015f analiz raporlar\u0131 al\u0131nabilir.<\/li>\n\n\n\n<li>POS cihaz\u0131na; departman, kasiyer, reyon, b\u00f6l\u00fcm, market bilgileri g\u00f6nderilerek g\u00fcn i\u00e7inde yap\u0131lan sat\u0131\u015flar\u0131n g\u00fcn sonunda ya da an\u0131nda merkez veri ambar\u0131na aktar\u0131lmas\u0131 sa\u011flanabilir.<\/li>\n\n\n\n<li>Uluslararas\u0131 barkod standartlar\u0131 kullan\u0131labilir.<\/li>\n\n\n\n<li>Sat\u0131\u015f karl\u0131l\u0131k raporlar\u0131 al\u0131nabilir.<\/li>\n\n\n\n<li>Raf ve \u00dcr\u00fcn etiketleri haz\u0131rlanabilir.<\/li>\n\n\n\n<li>Muadil Kod ve Muadil Barkod tan\u0131mlar\u0131 yap\u0131labilir.<\/li>\n\n\n\n<li>Sat\u0131nalma ve sat\u0131\u015f faturalar\u0131nda el terminali kullan\u0131labilir.<\/li>\n\n\n\n<li>Sat\u0131nalma faturas\u0131nda h\u0131zl\u0131 sat\u0131\u015f fiyat\u0131 de\u011fi\u015ftirme i\u015flemi yap\u0131labilir.<\/li>\n\n\n\n<li>Tek sat\u0131rda h\u0131zl\u0131 fiyat giri\u015fi ve h\u0131zl\u0131 fiyat de\u011fi\u015fikli\u011fi yap\u0131labilir.<\/li>\n\n\n\n<li>Inter Pos,HUGIN, IBM Entry,Sharp ile tam entegrasyon sa\u011flan\u0131r.<\/li>\n\n\n\n<li>Cas, Digi, Densi, Olivetii ve di\u011fer t\u00fcm teraziler ile entegre \u00e7al\u0131\u015fabilir.<\/li>\n\n\n\n<li>Barkod yaz\u0131c\u0131 ve barkod okuyucular ile tam entegre \u00e7al\u0131\u015fabilir.<\/li>\n\n\n\n<li>S\u0131n\u0131rs\u0131z, \u00fcr\u00fcn kodlama se\u00e7eneklerine sahiptir.<\/li>\n\n\n\n<li>\u00d6n ofis ile arka ofis aras\u0131nda tam uyum sa\u011flan\u0131r.<\/li>\n\n\n\n<li>Fiyat ve kod de\u011fi\u015ftirmede inan\u0131lmaz kolayl\u0131k sa\u011flar.<\/li>\n\n\n\n<li>Sistemden al\u0131nan her rapor EXCEL ve bir\u00e7ok formatta d\u0131\u015far\u0131 al\u0131nabilir.<\/li>\n<\/ul>\n\n\n\n<h4 class=\"wp-block-heading\">Ma\u011faza Uygulamalar\u0131<\/h4>\n\n\n\n<p>MA\u011eAZA Y\u00d6NET\u0130M\u0130 \u00d6ZELL\u0130KLER\u0130<\/p>\n\n\n\n<ul class=\"wp-block-list\">\n<li>Tek ekran \u00fczerinden m\u00fc\u015fteri hareketleri izlenebilir.<\/li>\n\n\n\n<li>Taksitli sat\u0131\u015f i\u015flemi, tek ekran \u00fczerinden yap\u0131labilir.<\/li>\n\n\n\n<li>Birden fazla kredi kart\u0131 ile tahsilat yap\u0131labilir.<\/li>\n\n\n\n<li>Kredi kart\u0131 ile al\u0131nan \u00f6demenin, ilgili pos hesab\u0131na komisyon oranlar\u0131n\u0131n hesaplanarak otomatik olarak at\u0131lmas\u0131 sa\u011flanabilir.<\/li>\n\n\n\n<li>Tek ekran \u00fczerinden ayn\u0131 anda al\u0131nan \u00f6deme \u015fekilleri Nakit, Kredi Kart\u0131, \u00c7ek, Senet olabilir.<\/li>\n\n\n\n<li>Par\u00e7al\u0131 olarak yap\u0131lan tahsilatlar ilgili kasalara otomatik olarak yans\u0131t\u0131l\u0131r.<\/li>\n\n\n\n<li>Yap\u0131lan \u00f6demeleri, yap\u0131lacak \u00f6demeleri, protesto olan senetleri, t\u00fcm detay bilgilerini tek ekran \u00fczerinden g\u00f6rmek m\u00fcmk\u00fcnd\u00fcr.<\/li>\n\n\n\n<li>Yap\u0131lan t\u00fcm i\u015flemler, kullan\u0131c\u0131 baz\u0131nda kay\u0131t alt\u0131na al\u0131n\u0131r.<\/li>\n<\/ul>\n\n\n\n<figure class=\"wp-block-gallery has-nested-images columns-default is-cropped wp-block-gallery-1 is-layout-flex wp-block-gallery-is-layout-flex\">\n<figure class=\"wp-block-image size-large\"><img decoding=\"async\" data-id=\"5615\" src=\"https:\/\/www.arzbilisim.com\/wp-content\/uploads\/2024\/10\/market001-1024x506.jpg\" alt=\"\" class=\"wp-image-5615\"\/><\/figure>\n\n\n\n<figure class=\"wp-block-image size-large\"><img decoding=\"async\" data-id=\"5616\" src=\"https:\/\/www.arzbilisim.com\/wp-content\/uploads\/2024\/10\/market002-1024x506.jpg\" alt=\"\" class=\"wp-image-5616\"\/><\/figure>\n\n\n\n<figure class=\"wp-block-image size-large\"><img decoding=\"async\" data-id=\"5617\" src=\"https:\/\/www.arzbilisim.com\/wp-content\/uploads\/2024\/10\/market003.jpg\" alt=\"\" class=\"wp-image-5617\"\/><\/figure>\n\n\n\n<figure class=\"wp-block-image size-large\"><img decoding=\"async\" data-id=\"5618\" src=\"https:\/\/www.arzbilisim.com\/wp-content\/uploads\/2024\/10\/market004.jpg\" alt=\"\" class=\"wp-image-5618\"\/><\/figure>\n\n\n\n<figure class=\"wp-block-image size-large\"><img decoding=\"async\" data-id=\"5621\" src=\"https:\/\/www.arzbilisim.com\/wp-content\/uploads\/2024\/10\/syspos001-1024x576.jpg\" alt=\"\" class=\"wp-image-5621\"\/><\/figure>\n\n\n\n<figure class=\"wp-block-image size-large\"><img decoding=\"async\" data-id=\"5620\" src=\"https:\/\/www.arzbilisim.com\/wp-content\/uploads\/2024\/10\/syspos002-1024x576.jpg\" alt=\"\" class=\"wp-image-5620\"\/><\/figure>\n\n\n\n<figure class=\"wp-block-image size-large\"><img decoding=\"async\" data-id=\"5619\" src=\"https:\/\/www.arzbilisim.com\/wp-content\/uploads\/2024\/10\/syspos003-1024x576.jpg\" alt=\"\" class=\"wp-image-5619\"\/><\/figure>\n\n\n\n<figure class=\"wp-block-image size-large\"><img decoding=\"async\" data-id=\"5622\" src=\"https:\/\/www.arzbilisim.com\/wp-content\/uploads\/2024\/10\/syspos005-1024x576.jpg\" alt=\"\" class=\"wp-image-5622\"\/><\/figure>\n<\/figure>\n","protected":false},"excerpt":{"rendered":"<p>sysPOS \u00d6ZELL\u0130KLER\u0130 Market MARKET Y\u00d6NET\u0130M\u0130 \u00d6ZELL\u0130KLER\u0130 Ma\u011faza Uygulamalar\u0131 MA\u011eAZA Y\u00d6NET\u0130M\u0130 \u00d6ZELL\u0130KLER\u0130<\/p>\n","protected":false},"author":1,"featured_media":0,"parent":0,"menu_order":0,"comment_status":"closed","ping_status":"closed","template":"template-fullwidth.php","meta":{"footnotes":""},"class_list":["post-4412","page","type-page","status-publish","hentry"],"_links":{"self":[{"href":"https:\/\/arzbilisim.com\/index.php?rest_route=\/wp\/v2\/pages\/4412","targetHints":{"allow":["GET"]}}],"collection":[{"href":"https:\/\/arzbilisim.com\/index.php?rest_route=\/wp\/v2\/pages"}],"about":[{"href":"https:\/\/arzbilisim.com\/index.php?rest_route=\/wp\/v2\/types\/page"}],"author":[{"embeddable":true,"href":"https:\/\/arzbilisim.com\/index.php?rest_route=\/wp\/v2\/users\/1"}],"replies":[{"embeddable":true,"href":"https:\/\/arzbilisim.com\/index.php?rest_route=%2Fwp%2Fv2%2Fcomments&post=4412"}],"version-history":[{"count":1,"href":"https:\/\/arzbilisim.com\/index.php?rest_route=\/wp\/v2\/pages\/4412\/revisions"}],"predecessor-version":[{"id":4413,"href":"https:\/\/arzbilisim.com\/index.php?rest_route=\/wp\/v2\/pages\/4412\/revisions\/4413"}],"wp:attachment":[{"href":"https:\/\/arzbilisim.com\/index.php?rest_route=%2Fwp%2Fv2%2Fmedia&parent=4412"}],"curies":[{"name":"wp","href":"https:\/\/api.w.org\/{rel}","templated":true}]}}