{"id":4408,"date":"2026-05-03T08:49:55","date_gmt":"2026-05-03T08:49:55","guid":{"rendered":"https:\/\/daloto.arzbilisim.com\/?page_id=4408"},"modified":"2026-05-03T08:49:55","modified_gmt":"2026-05-03T08:49:55","slug":"sysmond-mobile","status":"publish","type":"page","link":"https:\/\/arzbilisim.com\/?page_id=4408","title":{"rendered":"SysMOND Mobile"},"content":{"rendered":"\n<p>K\u00fcresel ekonominin rekabet\u00e7i bask\u0131s\u0131n\u0131n her ge\u00e7en g\u00fcn daha yo\u011fun hissedildi\u011fi g\u00fcn\u00fcm\u00fczde, <strong>&#8220;Mobil Sat\u0131\u015f Uygulamalar\u0131&#8221;<\/strong> bili\u015fim alan\u0131ndaki paylar\u0131n\u0131 s\u00fcrekli artt\u0131rmaktad\u0131r.<\/p>\n\n\n\n<p>\u0130\u015fletmeler, sahadaki bir\u00e7ok operasyonlar\u0131n\u0131 mobil bilgisayarlar yard\u0131m\u0131 ile ger\u00e7ekle\u015ftirmektedir. Bu \u015fekilde saha uygulamalar\u0131nda h\u0131z ve do\u011fruluk sa\u011flamay\u0131; servis periyotlar\u0131n\u0131 artt\u0131rmay\u0131 ve m\u00fc\u015fteri memnuniyetlerinde de art\u0131\u015f yaratmay\u0131 hedeflemektedirler. Mobil uygulamalar her ge\u00e7en g\u00fcn i\u015f hayat\u0131n\u0131n vazge\u00e7ilmez bir par\u00e7as\u0131 olmaya devam etmektedir.<\/p>\n\n\n\n<p>Mobil Teknolojiler do\u011fru kullan\u0131ld\u0131\u011f\u0131nda kurumlarda i\u015f s\u00fcre\u00e7lerini h\u0131zland\u0131r\u0131yor, daha etkin k\u0131l\u0131yor ve verimlili\u011fi artt\u0131r\u0131yor. Saha ile merkez aras\u0131ndaki anl\u0131k entegrasyon ile i\u015f ak\u0131\u015f s\u00fcre\u00e7leri h\u0131zland\u0131\u011f\u0131 i\u00e7in verimlilik art\u0131r\u0131yor. M\u00fc\u015fterilerine h\u0131zl\u0131 ve g\u00fcvenilir hizmet vermek isteyen i\u015fletmeler i\u015flerini belli prosed\u00fcrler dahilinde profesyonelce yapabilmek i\u00e7in &#8220;Online Mobil Terminaller&#8221; ile kontrol alt\u0131na almaktad\u0131rlar.<\/p>\n\n\n\n<h4 class=\"wp-block-heading\">Mobil Sat\u0131\u015f\u0131n Sa\u011flad\u0131\u011f\u0131 Faydalar<\/h4>\n\n\n\n<p>MOB\u0130L \u00d6ZELL\u0130KLER<\/p>\n\n\n\n<ul class=\"wp-block-list\">\n<li>Ekibinizin kendi aras\u0131ndaki haberle\u015fme olanaklar\u0131n\u0131 geni\u015fletmek.<\/li>\n\n\n\n<li>Sahadaki bilgilere an\u0131nda ula\u015fmak.<\/li>\n\n\n\n<li>Uzaktan sahadaki ekiplerin y\u00f6netimi.<\/li>\n\n\n\n<li>\u0130ste\u011fe ba\u011fl\u0131 sat\u0131\u015f ve servis rotalar\u0131 olu\u015fturma.<\/li>\n\n\n\n<li>GSM\/GPRS Ger\u00e7ek Zamanl\u0131 \u0130leti\u015fim (Online).<\/li>\n\n\n\n<li>Harita \u00fczerinden saha elemanlar\u0131n\u0131n izlenmesi.<\/li>\n\n\n\n<li>Sahada e-Fatura , e-Ar\u015fiv Fatura Kesebilme.<\/li>\n\n\n\n<li>Anl\u0131k stok payla\u015f\u0131m\u0131 ile daha etkin sat\u0131\u015f ve daha iyi stok y\u00f6netimini sa\u011fl\u0131yor.<\/li>\n\n\n\n<li>Anl\u0131k Cari hesap bakiye, kredi ve risk kontrol\u00fc.<\/li>\n\n\n\n<li>Saha elemanlar\u0131n\u0131n t\u00fcm servis rotalar\u0131n\u0131, i\u015f planlar\u0131n\u0131 ve emirlerini, m\u00fc\u015fterilere ili\u015fkin cihaz bilgilerini (Seri no baz\u0131nda), \u00f6deme bilgilerini, garanti bilgilerini k\u0131sacas\u0131 her \u015feyi saha da an\u0131nda g\u00f6r\u00fcp i\u015flem yapabilirler.<\/li>\n\n\n\n<li>Mobil Sipari\u015f<\/li>\n\n\n\n<li>Mobil S\u0131cak Sat\u0131\u015f Uygulama, \u015fu profillere sahip kullan\u0131c\u0131lar\u0131n sipari\u015f ve s\u0131cak sat\u0131\u015f otomasyonunu ve saha entegrasyonunu hedefler.<\/li>\n\n\n\n<li>Bayiler ve b\u00f6lge m\u00fcd\u00fcrl\u00fckleri arac\u0131l\u0131\u011f\u0131 ile sipari\u015f ve sat\u0131\u015f bilgisi payla\u015fan firmalar.<\/li>\n\n\n\n<li>Sat\u0131\u015f temsilcileri arac\u0131l\u0131\u011f\u0131 ile sipari\u015f toplayan firmalar.<\/li>\n\n\n\n<li>Da\u011f\u0131n\u0131k bayi yap\u0131s\u0131 olan firmalar.<\/li>\n\n\n\n<li>S\u0131cak sat\u0131\u015f yapan firmalar.<\/li>\n\n\n\n<li>Planl\u0131 Depo Sevkiyat i\u015flemlerinin yap\u0131lmas\u0131.<\/li>\n<\/ul>\n\n\n\n<figure class=\"wp-block-gallery has-nested-images columns-default is-cropped wp-block-gallery-1 is-layout-flex wp-block-gallery-is-layout-flex\">\n<figure class=\"wp-block-image size-large\"><img decoding=\"async\" data-id=\"5605\" src=\"https:\/\/www.arzbilisim.com\/wp-content\/uploads\/2024\/10\/mobil1.jpg\" alt=\"\" class=\"wp-image-5605\"\/><\/figure>\n\n\n\n<figure class=\"wp-block-image size-large\"><img decoding=\"async\" data-id=\"5604\" src=\"https:\/\/www.arzbilisim.com\/wp-content\/uploads\/2024\/10\/mobil2.jpg\" alt=\"\" class=\"wp-image-5604\"\/><\/figure>\n\n\n\n<figure class=\"wp-block-image size-large\"><img decoding=\"async\" data-id=\"5606\" src=\"https:\/\/www.arzbilisim.com\/wp-content\/uploads\/2024\/10\/mobil3.jpg\" alt=\"\" class=\"wp-image-5606\"\/><\/figure>\n<\/figure>\n","protected":false},"excerpt":{"rendered":"<p>K\u00fcresel ekonominin rekabet\u00e7i bask\u0131s\u0131n\u0131n her ge\u00e7en g\u00fcn daha yo\u011fun hissedildi\u011fi g\u00fcn\u00fcm\u00fczde, &#8220;Mobil Sat\u0131\u015f Uygulamalar\u0131&#8221; bili\u015fim alan\u0131ndaki paylar\u0131n\u0131 s\u00fcrekli artt\u0131rmaktad\u0131r. \u0130\u015fletmeler, sahadaki bir\u00e7ok operasyonlar\u0131n\u0131 mobil bilgisayarlar yard\u0131m\u0131 ile ger\u00e7ekle\u015ftirmektedir. Bu \u015fekilde &#8230;<\/p>\n","protected":false},"author":1,"featured_media":0,"parent":0,"menu_order":0,"comment_status":"closed","ping_status":"closed","template":"template-fullwidth.php","meta":{"footnotes":""},"class_list":["post-4408","page","type-page","status-publish","hentry"],"_links":{"self":[{"href":"https:\/\/arzbilisim.com\/index.php?rest_route=\/wp\/v2\/pages\/4408","targetHints":{"allow":["GET"]}}],"collection":[{"href":"https:\/\/arzbilisim.com\/index.php?rest_route=\/wp\/v2\/pages"}],"about":[{"href":"https:\/\/arzbilisim.com\/index.php?rest_route=\/wp\/v2\/types\/page"}],"author":[{"embeddable":true,"href":"https:\/\/arzbilisim.com\/index.php?rest_route=\/wp\/v2\/users\/1"}],"replies":[{"embeddable":true,"href":"https:\/\/arzbilisim.com\/index.php?rest_route=%2Fwp%2Fv2%2Fcomments&post=4408"}],"version-history":[{"count":1,"href":"https:\/\/arzbilisim.com\/index.php?rest_route=\/wp\/v2\/pages\/4408\/revisions"}],"predecessor-version":[{"id":4409,"href":"https:\/\/arzbilisim.com\/index.php?rest_route=\/wp\/v2\/pages\/4408\/revisions\/4409"}],"wp:attachment":[{"href":"https:\/\/arzbilisim.com\/index.php?rest_route=%2Fwp%2Fv2%2Fmedia&parent=4408"}],"curies":[{"name":"wp","href":"https:\/\/api.w.org\/{rel}","templated":true}]}}