{"id":4402,"date":"2026-05-03T08:46:02","date_gmt":"2026-05-03T08:46:02","guid":{"rendered":"https:\/\/daloto.arzbilisim.com\/?page_id=4402"},"modified":"2026-05-03T08:48:51","modified_gmt":"2026-05-03T08:48:51","slug":"sysmond-muhasebe","status":"publish","type":"page","link":"https:\/\/arzbilisim.com\/?page_id=4402","title":{"rendered":"SysMOND Muhasebe"},"content":{"rendered":"\n<p>\u00d6ZELL\u0130KLER<\/p>\n\n\n\n<ul class=\"wp-block-list\">\n<li>Tek D\u00fczen Hesap Plan\u0131 Tan\u0131mlayabilme<\/li>\n\n\n\n<li>Detayl\u0131 Entegrasyon tan\u0131mlar\u0131 yapabilme<\/li>\n\n\n\n<li>Toplu veya Tek Tek Otomatik Entegrasyon Yapabilme<\/li>\n\n\n\n<li>Resmi Defter bas\u0131m \u0130\u015flemleri Yapabilme(Muavin,Yevmiye,Mizan,Anl\u0131k Mizan,Bilan\u00e7o v.s.)<\/li>\n\n\n\n<li>Gelir ve Gider kart\u0131n\u0131 Stok mod\u00fcl\u00fcnden ba\u011f\u0131ms\u0131z olarak takip edebilme<\/li>\n\n\n\n<li>Serbest Meslek Makbuzu D\u00fczenleyebilme<\/li>\n\n\n\n<li>Gelir \u2013 Gider Fi\u015fi i\u015flemlerini Yapabilme<\/li>\n\n\n\n<li>Ayl\u0131k , haftal\u0131k detayla Gelir \/ Gider analizleri yapabilme<\/li>\n\n\n\n<li>BA-BS Listelerini XML Olarak Alabilme<\/li>\n\n\n\n<li>Muhasebe Grup Kodlar\u0131 olu\u015fturarak kolay entegrasyon yapabilme.<\/li>\n\n\n\n<li>Fi\u015flerde Olu\u015facak Numaralar\u0131n Evraklara G\u00f6re veya Bor\u00e7 Alaca\u011fa G\u00f6re ayarlayabilme.<\/li>\n\n\n\n<li>E-Defter Uygulamas\u0131..<\/li>\n<\/ul>\n\n\n\n<figure class=\"wp-block-gallery has-nested-images columns-default is-cropped wp-block-gallery-1 is-layout-flex wp-block-gallery-is-layout-flex\">\n<figure class=\"wp-block-image size-large\"><img decoding=\"async\" data-id=\"5592\" src=\"https:\/\/www.arzbilisim.com\/wp-content\/uploads\/2024\/10\/muhasebe001.jpg\" alt=\"\" class=\"wp-image-5592\"\/><\/figure>\n\n\n\n<figure class=\"wp-block-image size-large\"><img decoding=\"async\" data-id=\"5589\" src=\"https:\/\/www.arzbilisim.com\/wp-content\/uploads\/2024\/10\/muhasebe002-1024x535.jpg\" alt=\"\" class=\"wp-image-5589\"\/><\/figure>\n\n\n\n<figure class=\"wp-block-image size-large\"><img decoding=\"async\" data-id=\"5590\" src=\"https:\/\/www.arzbilisim.com\/wp-content\/uploads\/2024\/10\/muhasebe006.jpg\" alt=\"\" class=\"wp-image-5590\"\/><\/figure>\n\n\n\n<figure class=\"wp-block-image size-large\"><img decoding=\"async\" data-id=\"5591\" src=\"https:\/\/www.arzbilisim.com\/wp-content\/uploads\/2024\/10\/muhasebe009.jpg\" alt=\"\" class=\"wp-image-5591\"\/><\/figure>\n<\/figure>\n","protected":false},"excerpt":{"rendered":"<p>\u00d6ZELL\u0130KLER<\/p>\n","protected":false},"author":1,"featured_media":0,"parent":0,"menu_order":0,"comment_status":"closed","ping_status":"closed","template":"template-fullwidth.php","meta":{"footnotes":""},"class_list":["post-4402","page","type-page","status-publish","hentry"],"_links":{"self":[{"href":"https:\/\/arzbilisim.com\/index.php?rest_route=\/wp\/v2\/pages\/4402","targetHints":{"allow":["GET"]}}],"collection":[{"href":"https:\/\/arzbilisim.com\/index.php?rest_route=\/wp\/v2\/pages"}],"about":[{"href":"https:\/\/arzbilisim.com\/index.php?rest_route=\/wp\/v2\/types\/page"}],"author":[{"embeddable":true,"href":"https:\/\/arzbilisim.com\/index.php?rest_route=\/wp\/v2\/users\/1"}],"replies":[{"embeddable":true,"href":"https:\/\/arzbilisim.com\/index.php?rest_route=%2Fwp%2Fv2%2Fcomments&post=4402"}],"version-history":[{"count":1,"href":"https:\/\/arzbilisim.com\/index.php?rest_route=\/wp\/v2\/pages\/4402\/revisions"}],"predecessor-version":[{"id":4403,"href":"https:\/\/arzbilisim.com\/index.php?rest_route=\/wp\/v2\/pages\/4402\/revisions\/4403"}],"wp:attachment":[{"href":"https:\/\/arzbilisim.com\/index.php?rest_route=%2Fwp%2Fv2%2Fmedia&parent=4402"}],"curies":[{"name":"wp","href":"https:\/\/api.w.org\/{rel}","templated":true}]}}