{"id":4395,"date":"2026-05-03T08:19:26","date_gmt":"2026-05-03T08:19:26","guid":{"rendered":"https:\/\/daloto.arzbilisim.com\/?page_id=4395"},"modified":"2026-05-03T08:26:57","modified_gmt":"2026-05-03T08:26:57","slug":"sysmond","status":"publish","type":"page","link":"https:\/\/arzbilisim.com\/?page_id=4395","title":{"rendered":"SysMOND Finan Pro"},"content":{"rendered":"\n<h4 class=\"wp-block-heading\">Sat\u0131\u015f Y\u00f6netimi<\/h4>\n\n\n\n<p>SATI\u015e Y\u00d6NET\u0130M\u0130 \u00d6ZELL\u0130KLER\u0130<\/p>\n\n\n\n<ul class=\"wp-block-list\">\n<li>Teklif,Sipari\u015f,\u0130rsaliye ve Faturalama hiyerar\u015fisine uygun bir \u015fekilde \u2018\u2019Sat\u0131\u015f\u2019\u2019 i\u015flemlerini takip edebilme.<\/li>\n\n\n\n<li>Faturalar\u0131n \u2018\u2019Tahsilat Planlar\u0131n\u0131\u2019\u2019 an\u0131nda belirleyebilme (Fatura kayd\u0131 esnas\u0131nda).<\/li>\n\n\n\n<li>Otomatik \u2018\u2019Bakiye Kapatma\u2019\u2019 ile a\u00e7\u0131kta kalan faturalar\u0131 izleyebilme.<\/li>\n\n\n\n<li>Sat\u0131\u015f teklifleri olu\u015fturabilme, bu tekliflerin durumlar\u0131n\u0131 takip edebilme.<\/li>\n\n\n\n<li>Onay sistemi.<\/li>\n<\/ul>\n\n\n\n<h4 class=\"wp-block-heading\">Sat\u0131n Alma Y\u00f6ntemi<\/h4>\n\n\n\n<p>SATIN ALMA Y\u00d6NET\u0130M\u0130 \u00d6ZELL\u0130KLER\u0130<\/p>\n\n\n\n<ul class=\"wp-block-list\">\n<li>Talep, Teklif, Sipari\u015f, \u0130rsaliye ve Faturalama hiyerar\u015fisine uygun bir \u015fekilde \u2018\u2019Sat\u0131n Alma\u2019\u2019 i\u015flemlerini takip edebilme.<\/li>\n\n\n\n<li>Faturalar\u0131n \u2018\u2019\u00d6deme Planlar\u0131n\u0131\u2019\u2019 an\u0131nda belirleyebilme (Fatura kayd\u0131 esnas\u0131nda).<\/li>\n\n\n\n<li>Otomatik \u2018\u2019Bakiye Kapatma\u2019\u2019 ile a\u00e7\u0131kta kalan faturalar\u0131 izleyebilme.<\/li>\n\n\n\n<li>Sat\u0131n alma teklifleri olu\u015fturabilme, bu teklifleri tek bir havuz da birle\u015ftirip tedarik\u00e7ilere pazarl\u0131k g\u00fcc\u00fcn\u00fc artt\u0131rabilme.<\/li>\n\n\n\n<li>Sat\u0131n alma talepleri olu\u015fturabilme ve bu talepleri tek havuzdan tekliflendirebilme.<\/li>\n\n\n\n<li>Onay sistemi.<\/li>\n<\/ul>\n\n\n\n<h4 class=\"wp-block-heading\">Stok Y\u00f6netimi<\/h4>\n\n\n\n<p>STOK Y\u00d6NET\u0130M\u0130&nbsp;\u00d6ZELL\u0130KLER\u0130<\/p>\n\n\n\n<ul class=\"wp-block-list\">\n<li>Detayl\u0131 stok kartlar\u0131 olu\u015fturabilme.<\/li>\n\n\n\n<li>\u0130stenilen say\u0131da depo tan\u0131mlayabilme.<\/li>\n\n\n\n<li>Birim d\u00f6n\u00fc\u015f\u00fcmleri yapabilme.<\/li>\n\n\n\n<li>Giri\u015f, \u00c7\u0131k\u0131\u015f ve Transfer fi\u015fleri olu\u015fturabilme.<\/li>\n\n\n\n<li>Minimum, Maximum, Kritik ve Sipari\u015f seviye miktarlar\u0131 olu\u015fturabilme.<\/li>\n\n\n\n<li>Bir mala birden fazla fiyat tan\u0131mlayabilme.<\/li>\n\n\n\n<li>H\u0131zl\u0131 Depo Say\u0131m fi\u015fleri ile say\u0131m i\u015flemlerini kolayca yapabilme.<\/li>\n\n\n\n<li>Bir mala birden fazla Barkod tan\u0131mlayabilme.<\/li>\n\n\n\n<li>T\u00fcm barkod i\u015flemlerini y\u00fcr\u00fctebilme.<\/li>\n\n\n\n<li>\u00c7ok boyutlu stok kartlar\u0131 olu\u015fturabilme (Ayakkab\u0131 \u2013 Konfeksiyon).<\/li>\n\n\n\n<li>Malzeme ve Sat\u0131n Alma talepleri olu\u015fturabilme.<\/li>\n\n\n\n<li>Karma Koli olu\u015fturabilme (Ramazan paketi gibi).<\/li>\n\n\n\n<li>Bir Stok Kart\u0131na Alternatif Stok Kodlar\u0131 tan\u0131mlayabilme.<\/li>\n\n\n\n<li>Stok Kart\u0131na \u00f6zel Teknik Parametreler tan\u0131mlayabilme.<\/li>\n\n\n\n<li>Muhasebe Entegrasyon tan\u0131mlar\u0131n\u0131 olu\u015fturabilme.<\/li>\n\n\n\n<li>Bir Stok Kart\u0131na, birden fazla resim ili\u015fkilendirebilme.<\/li>\n\n\n\n<li>Al\u0131\u015f ve sat\u0131\u015flarda uygulanmak \u00fczere Cari Hesap bazl\u0131 s\u00f6zle\u015fme tan\u0131mlar\u0131 olu\u015fturabilme.<\/li>\n\n\n\n<li>Garanti-Seri-Lot-Parti takibi yapabilme.<\/li>\n<\/ul>\n\n\n\n<h4 class=\"wp-block-heading\">Cari Hesaplar<\/h4>\n\n\n\n<p>CAR\u0130 HESAPLAR \u00d6ZELL\u0130KLER\u0130<\/p>\n\n\n\n<ul class=\"wp-block-list\">\n<li>Anl\u0131k \u00d6deme ve Tahsilat Takip Mod\u00fcl\u00fc ile dar bo\u011faz takibi<\/li>\n\n\n\n<li>Al\u0131c\u0131 veya Sat\u0131c\u0131 bazl\u0131 detayl\u0131 iskonto tan\u0131mlar\u0131 yapabilme<\/li>\n\n\n\n<li>Kredi limiti Bor\u00e7 Riski Alacak riski tan\u0131layabilme.<\/li>\n\n\n\n<li>Standart Stok Fiyat\u0131 belirleyebilme.<\/li>\n\n\n\n<li>Birden Fazla Cari Hesab\u0131 ayn\u0131 Grup Muhasebe Hesap Kodunda Toplayabilme.<\/li>\n\n\n\n<li>Birden Fazla Adres Tan\u0131mlayabilme.(Teslimat- Fatura Adresi vb.)<\/li>\n\n\n\n<li>Bir Cari Hesaba Birden Fazla Banka Hesab\u0131 Ba\u011flayabilme.<\/li>\n\n\n\n<li>Stok Grubu Yada Stok Kodu Baz\u0131nda \u00dcr\u00fcn Al\u0131m Sat\u0131m S\u00f6zle\u015fmeleri Olu\u015fturabilme.<\/li>\n\n\n\n<li>Al\u0131c\u0131 Sat\u0131c\u0131 Bazl\u0131 \u00c7ok Boyutlu Stoklar Tan\u0131mlayabilme(Renk,Beden,Model,Numara vb.)<\/li>\n\n\n\n<li>S\u0131n\u0131rs\u0131z Say\u0131da Resim Ekleyebilme.<\/li>\n\n\n\n<li>S\u0131n\u0131rs\u0131z A\u00e7\u0131klama Girebilme.<\/li>\n\n\n\n<li>\u00d6deme , Tahsilat, Virman , Dekont ,Devir fi\u015fleri Olu\u015fturabilme.<\/li>\n\n\n\n<li>Hareketlerde \u00d6n De\u011fer A\u00e7\u0131klamalar\u0131 Ekleyebilme.<\/li>\n\n\n\n<li>Cari Konsol ile tek ekrandan t\u00fcm cari i\u015flemlerini yapabilme.<\/li>\n<\/ul>\n\n\n\n<h4 class=\"wp-block-heading\">\u00c7ek \/ Senet \u0130\u015flemleri<\/h4>\n\n\n\n<p>\u00c7EK\/SENET \u0130\u015eLEM \u00d6ZELL\u0130KLER\u0130<\/p>\n\n\n\n<ul class=\"wp-block-list\">\n<li>M\u00fc\u015fteri ve kendi evraklar\u0131n\u0131z\u0131 ayr\u0131 ayr\u0131 mod\u00fcller halinde takip edebilme imkan\u0131.<\/li>\n\n\n\n<li>Detayl\u0131 Pozisyon \u0130zleme \u0130mkan\u0131.<\/li>\n\n\n\n<li>D\u00f6vizli Takip Edebilme.<\/li>\n\n\n\n<li>Bordroda \u201cToplam Tutarlar\u0131\u201d ve \u201cOrtalama Vadeyi\u201d An\u0131nda g\u00f6rebilme.<\/li>\n\n\n\n<li>Bakiye Kapatma \u0130\u015flemleri Yapabilme.<\/li>\n\n\n\n<li>Risk Takibi Karaliste Takibi yapabilme..<\/li>\n<\/ul>\n\n\n\n<h4 class=\"wp-block-heading\">Kasa \/ Banka \u0130\u015flemleri<\/h4>\n\n\n\n<p>KASA BANKA \u0130\u015eLEMLER\u0130 \u00d6ZELL\u0130KLER\u0130<\/p>\n\n\n\n<ul class=\"wp-block-list\">\n<li>\u0130stenen Say\u0131da, \u00e7e\u015fitli para birimleri baz\u0131nda Kasa Hesap kartlar\u0131 Tan\u0131mlama.<\/li>\n\n\n\n<li>Cari,Banka ve Gidere ba\u011fl\u0131 olarak ayr\u0131 ayr\u0131 \u00d6deme i\u015flemleri yapabilme.<\/li>\n\n\n\n<li>Cari , Banka ve Gelire ba\u011fl\u0131 olarak ayr\u0131 ayr\u0131 Tahsilat i\u015flemleri yapabilme.<\/li>\n\n\n\n<li>Bakiye Kapatma \u0130\u015flemleri Yapabilme Virman, Devir i\u015flemleri yapabilme..<\/li>\n\n\n\n<li>\u0130stenilen Say\u0131da Banka Hesap Kart\u0131 tan\u0131mlayabilme.<\/li>\n\n\n\n<li>Banka kart\u0131nda IBAN numaras\u0131 belirtebilme.<\/li>\n\n\n\n<li>\u015eubeleri,Bankalarla ili\u015fkilendirebilme.<\/li>\n\n\n\n<li>Gelen-Giden Havale i\u015flemleri yapabilme.<\/li>\n\n\n\n<li>Bankalar Aras\u0131 Virman \u0130\u015flemleri yapabilme.<\/li>\n\n\n\n<li>Banka Gider i\u015flemleri(EFT,Havale,Faiz v.b.) yapabilme.<\/li>\n\n\n\n<li>Banka Hesap Devir \u0130\u015flemleri yapabilme..<\/li>\n\n\n\n<li>Kredi Kart\u0131 ile Tahsilat.<\/li>\n\n\n\n<li>Kredi Kart\u0131 ile \u00d6deme.<\/li>\n\n\n\n<li>Kredi Kart\u0131 Tahsilatlar\u0131n\u0131 Vadesinde Banka Hesab\u0131na Virman Yapabilme.<\/li>\n\n\n\n<li>Kredi Kart\u0131 Banka Komisyonlar\u0131n\u0131 Hesaplay\u0131p Gider Olarak \u0130\u015fletme.<\/li>\n<\/ul>\n\n\n\n<figure class=\"wp-block-gallery has-nested-images columns-default is-cropped wp-block-gallery-1 is-layout-flex wp-block-gallery-is-layout-flex\">\n<figure class=\"wp-block-image size-large\"><img decoding=\"async\" data-id=\"5578\" src=\"https:\/\/www.arzbilisim.com\/wp-content\/uploads\/2024\/10\/alim001.jpg\" alt=\"\" class=\"wp-image-5578\"\/><\/figure>\n\n\n\n<figure class=\"wp-block-image size-large\"><img decoding=\"async\" data-id=\"5579\" src=\"https:\/\/www.arzbilisim.com\/wp-content\/uploads\/2024\/10\/alim002.jpg\" alt=\"\" class=\"wp-image-5579\"\/><\/figure>\n\n\n\n<figure class=\"wp-block-image size-large\"><img decoding=\"async\" data-id=\"5580\" src=\"https:\/\/www.arzbilisim.com\/wp-content\/uploads\/2024\/10\/alim003.jpg\" alt=\"\" class=\"wp-image-5580\"\/><\/figure>\n\n\n\n<figure class=\"wp-block-image size-large\"><img decoding=\"async\" data-id=\"5582\" src=\"https:\/\/www.arzbilisim.com\/wp-content\/uploads\/2024\/10\/satis001.jpg\" alt=\"\" class=\"wp-image-5582\"\/><\/figure>\n\n\n\n<figure class=\"wp-block-image size-large\"><img decoding=\"async\" data-id=\"5581\" src=\"https:\/\/www.arzbilisim.com\/wp-content\/uploads\/2024\/10\/satis002.jpg\" alt=\"\" class=\"wp-image-5581\"\/><\/figure>\n\n\n\n<figure class=\"wp-block-image size-large\"><img decoding=\"async\" data-id=\"5583\" src=\"https:\/\/www.arzbilisim.com\/wp-content\/uploads\/2024\/10\/satis003.jpg\" alt=\"\" class=\"wp-image-5583\"\/><\/figure>\n<\/figure>\n","protected":false},"excerpt":{"rendered":"<p>Sat\u0131\u015f Y\u00f6netimi SATI\u015e Y\u00d6NET\u0130M\u0130 \u00d6ZELL\u0130KLER\u0130 Sat\u0131n Alma Y\u00f6ntemi SATIN ALMA Y\u00d6NET\u0130M\u0130 \u00d6ZELL\u0130KLER\u0130 Stok Y\u00f6netimi STOK Y\u00d6NET\u0130M\u0130&nbsp;\u00d6ZELL\u0130KLER\u0130 Cari Hesaplar CAR\u0130 HESAPLAR \u00d6ZELL\u0130KLER\u0130 \u00c7ek \/ Senet \u0130\u015flemleri \u00c7EK\/SENET \u0130\u015eLEM \u00d6ZELL\u0130KLER\u0130 Kasa \/ &#8230;<\/p>\n","protected":false},"author":1,"featured_media":0,"parent":0,"menu_order":0,"comment_status":"closed","ping_status":"closed","template":"template-fullwidth.php","meta":{"footnotes":""},"class_list":["post-4395","page","type-page","status-publish","hentry"],"_links":{"self":[{"href":"https:\/\/arzbilisim.com\/index.php?rest_route=\/wp\/v2\/pages\/4395","targetHints":{"allow":["GET"]}}],"collection":[{"href":"https:\/\/arzbilisim.com\/index.php?rest_route=\/wp\/v2\/pages"}],"about":[{"href":"https:\/\/arzbilisim.com\/index.php?rest_route=\/wp\/v2\/types\/page"}],"author":[{"embeddable":true,"href":"https:\/\/arzbilisim.com\/index.php?rest_route=\/wp\/v2\/users\/1"}],"replies":[{"embeddable":true,"href":"https:\/\/arzbilisim.com\/index.php?rest_route=%2Fwp%2Fv2%2Fcomments&post=4395"}],"version-history":[{"count":3,"href":"https:\/\/arzbilisim.com\/index.php?rest_route=\/wp\/v2\/pages\/4395\/revisions"}],"predecessor-version":[{"id":4399,"href":"https:\/\/arzbilisim.com\/index.php?rest_route=\/wp\/v2\/pages\/4395\/revisions\/4399"}],"wp:attachment":[{"href":"https:\/\/arzbilisim.com\/index.php?rest_route=%2Fwp%2Fv2%2Fmedia&parent=4395"}],"curies":[{"name":"wp","href":"https:\/\/api.w.org\/{rel}","templated":true}]}}