{"id":26,"date":"2016-02-12T08:13:33","date_gmt":"2016-02-12T08:13:33","guid":{"rendered":"http:\/\/demos.famethemes.com\/onepress\/?page_id=26"},"modified":"2026-05-03T12:38:52","modified_gmt":"2026-05-03T12:38:52","slug":"service-title-4","status":"publish","type":"page","link":"https:\/\/arzbilisim.com\/?page_id=26","title":{"rendered":"Tasar\u0131m &amp; Reklam &#8211; Mobilya &amp; Dekorasyon"},"content":{"rendered":"<p>Profesyonel ekibimizle \u00fcretimden montaja kadar her a\u015famada titizlikle \u00e7al\u0131\u015f\u0131yor, teslimat sonras\u0131 verdi\u011fimiz destekle <b data-path-to-node=\"10,1\" data-index-in-node=\"173\">%100 m\u00fc\u015fteri memnuniyetini<\/b> bir standart haline getiriyoruz. Siz hayal edin, biz anahtar teslim hayata ge\u00e7irelim.<\/p>\n","protected":false},"excerpt":{"rendered":"<p>Morbi in sem quis dui placerat ornare. Pellentesque odio nisi euismod in pharetra a ultricies.<\/p>\n","protected":false},"author":1,"featured_media":0,"parent":0,"menu_order":0,"comment_status":"closed","ping_status":"closed","template":"","meta":{"footnotes":""},"class_list":["post-26","page","type-page","status-publish","hentry"],"_links":{"self":[{"href":"https:\/\/arzbilisim.com\/index.php?rest_route=\/wp\/v2\/pages\/26","targetHints":{"allow":["GET"]}}],"collection":[{"href":"https:\/\/arzbilisim.com\/index.php?rest_route=\/wp\/v2\/pages"}],"about":[{"href":"https:\/\/arzbilisim.com\/index.php?rest_route=\/wp\/v2\/types\/page"}],"author":[{"embeddable":true,"href":"https:\/\/arzbilisim.com\/index.php?rest_route=\/wp\/v2\/users\/1"}],"replies":[{"embeddable":true,"href":"https:\/\/arzbilisim.com\/index.php?rest_route=%2Fwp%2Fv2%2Fcomments&post=26"}],"version-history":[{"count":3,"href":"https:\/\/arzbilisim.com\/index.php?rest_route=\/wp\/v2\/pages\/26\/revisions"}],"predecessor-version":[{"id":4516,"href":"https:\/\/arzbilisim.com\/index.php?rest_route=\/wp\/v2\/pages\/26\/revisions\/4516"}],"wp:attachment":[{"href":"https:\/\/arzbilisim.com\/index.php?rest_route=%2Fwp%2Fv2%2Fmedia&parent=26"}],"curies":[{"name":"wp","href":"https:\/\/api.w.org\/{rel}","templated":true}]}}