{"id":25,"date":"2016-02-12T08:13:22","date_gmt":"2016-02-12T08:13:22","guid":{"rendered":"http:\/\/demos.famethemes.com\/onepress\/?page_id=25"},"modified":"2026-05-02T20:40:38","modified_gmt":"2026-05-02T20:40:38","slug":"service-title-3","status":"publish","type":"page","link":"https:\/\/arzbilisim.com\/?page_id=25","title":{"rendered":"Donan\u0131m \u00dcr\u00fcn Tedari\u011fi"},"content":{"rendered":"<p>Sunucu \u00c7\u00f6z\u00fcmleri, Network Sistemleri, \u0130\u015f \u0130stasyonlar\u0131, Kamera &amp; G\u00fcvenlik, Teknik Destek<\/p>\n","protected":false},"excerpt":{"rendered":"<p>Morbi in sem quis dui placerat ornare. Pellentesque odio nisi euismod in pharetra a ultricies.<\/p>\n","protected":false},"author":1,"featured_media":0,"parent":0,"menu_order":0,"comment_status":"closed","ping_status":"closed","template":"","meta":{"footnotes":""},"class_list":["post-25","page","type-page","status-publish","hentry"],"_links":{"self":[{"href":"https:\/\/arzbilisim.com\/index.php?rest_route=\/wp\/v2\/pages\/25","targetHints":{"allow":["GET"]}}],"collection":[{"href":"https:\/\/arzbilisim.com\/index.php?rest_route=\/wp\/v2\/pages"}],"about":[{"href":"https:\/\/arzbilisim.com\/index.php?rest_route=\/wp\/v2\/types\/page"}],"author":[{"embeddable":true,"href":"https:\/\/arzbilisim.com\/index.php?rest_route=\/wp\/v2\/users\/1"}],"replies":[{"embeddable":true,"href":"https:\/\/arzbilisim.com\/index.php?rest_route=%2Fwp%2Fv2%2Fcomments&post=25"}],"version-history":[{"count":1,"href":"https:\/\/arzbilisim.com\/index.php?rest_route=\/wp\/v2\/pages\/25\/revisions"}],"predecessor-version":[{"id":4331,"href":"https:\/\/arzbilisim.com\/index.php?rest_route=\/wp\/v2\/pages\/25\/revisions\/4331"}],"wp:attachment":[{"href":"https:\/\/arzbilisim.com\/index.php?rest_route=%2Fwp%2Fv2%2Fmedia&parent=25"}],"curies":[{"name":"wp","href":"https:\/\/api.w.org\/{rel}","templated":true}]}}