{"id":24,"date":"2016-02-12T08:13:06","date_gmt":"2016-02-12T08:13:06","guid":{"rendered":"http:\/\/demos.famethemes.com\/onepress\/?page_id=24"},"modified":"2026-05-02T20:30:04","modified_gmt":"2026-05-02T20:30:04","slug":"service-title-2","status":"publish","type":"page","link":"https:\/\/arzbilisim.com\/?page_id=24","title":{"rendered":"E-D\u00f6n\u00fc\u015f\u00fcm \u00c7\u00f6z\u00fcmleri"},"content":{"rendered":"<p>Kurumsal Kimli\u011finizi Yans\u0131tan Web Tasar\u0131mlar\u0131, Ticari Yaz\u0131l\u0131m\u0131n\u0131zla Tam Entegre B2B &amp; B2C Platformlar\u0131, Ak\u0131ll\u0131 E-Ticaret Sistemleri<\/p>\n\n\n<p><\/p>\n","protected":false},"excerpt":{"rendered":"<p>Morbi in sem quis dui placerat ornare. Pellentesque odio nisi euismod in pharetra a ultricies.<\/p>\n","protected":false},"author":1,"featured_media":0,"parent":0,"menu_order":0,"comment_status":"closed","ping_status":"closed","template":"","meta":{"footnotes":""},"class_list":["post-24","page","type-page","status-publish","hentry"],"_links":{"self":[{"href":"https:\/\/arzbilisim.com\/index.php?rest_route=\/wp\/v2\/pages\/24","targetHints":{"allow":["GET"]}}],"collection":[{"href":"https:\/\/arzbilisim.com\/index.php?rest_route=\/wp\/v2\/pages"}],"about":[{"href":"https:\/\/arzbilisim.com\/index.php?rest_route=\/wp\/v2\/types\/page"}],"author":[{"embeddable":true,"href":"https:\/\/arzbilisim.com\/index.php?rest_route=\/wp\/v2\/users\/1"}],"replies":[{"embeddable":true,"href":"https:\/\/arzbilisim.com\/index.php?rest_route=%2Fwp%2Fv2%2Fcomments&post=24"}],"version-history":[{"count":2,"href":"https:\/\/arzbilisim.com\/index.php?rest_route=\/wp\/v2\/pages\/24\/revisions"}],"predecessor-version":[{"id":4327,"href":"https:\/\/arzbilisim.com\/index.php?rest_route=\/wp\/v2\/pages\/24\/revisions\/4327"}],"wp:attachment":[{"href":"https:\/\/arzbilisim.com\/index.php?rest_route=%2Fwp%2Fv2%2Fmedia&parent=24"}],"curies":[{"name":"wp","href":"https:\/\/api.w.org\/{rel}","templated":true}]}}