{"id":23,"date":"2016-02-12T08:12:49","date_gmt":"2016-02-12T08:12:49","guid":{"rendered":"http:\/\/demos.famethemes.com\/onepress\/?page_id=23"},"modified":"2026-05-03T09:02:57","modified_gmt":"2026-05-03T09:02:57","slug":"service-title-1","status":"publish","type":"page","link":"https:\/\/arzbilisim.com\/?page_id=23","title":{"rendered":"SysMOND Yaz\u0131l\u0131m \u00c7\u00f6z\u00fcmleri"},"content":{"rendered":"<p>\u00d6n Muhasebe, Genel Muhasebe, \u00dcretim, Renk-Beden-Asorti, Saha Sat\u0131\u015f &#8211; El Terminali Uygulamas\u0131, Restoran Otomasyonu, Barkod Otomasyon Sistemi, Addon-Yaz\u0131l\u0131m Deste\u011fi<\/p>\n\n\n<p><\/p>\n","protected":false},"excerpt":{"rendered":"<p>Morbi in sem quis dui placerat ornare. Pellentesque odio nisi euismod in pharetra a ultricies.<\/p>\n","protected":false},"author":1,"featured_media":0,"parent":0,"menu_order":0,"comment_status":"closed","ping_status":"closed","template":"","meta":{"footnotes":""},"class_list":["post-23","page","type-page","status-publish","hentry"],"_links":{"self":[{"href":"https:\/\/arzbilisim.com\/index.php?rest_route=\/wp\/v2\/pages\/23","targetHints":{"allow":["GET"]}}],"collection":[{"href":"https:\/\/arzbilisim.com\/index.php?rest_route=\/wp\/v2\/pages"}],"about":[{"href":"https:\/\/arzbilisim.com\/index.php?rest_route=\/wp\/v2\/types\/page"}],"author":[{"embeddable":true,"href":"https:\/\/arzbilisim.com\/index.php?rest_route=\/wp\/v2\/users\/1"}],"replies":[{"embeddable":true,"href":"https:\/\/arzbilisim.com\/index.php?rest_route=%2Fwp%2Fv2%2Fcomments&post=23"}],"version-history":[{"count":8,"href":"https:\/\/arzbilisim.com\/index.php?rest_route=\/wp\/v2\/pages\/23\/revisions"}],"predecessor-version":[{"id":4426,"href":"https:\/\/arzbilisim.com\/index.php?rest_route=\/wp\/v2\/pages\/23\/revisions\/4426"}],"wp:attachment":[{"href":"https:\/\/arzbilisim.com\/index.php?rest_route=%2Fwp%2Fv2%2Fmedia&parent=23"}],"curies":[{"name":"wp","href":"https:\/\/api.w.org\/{rel}","templated":true}]}}