{"id":17,"date":"2016-02-12T08:09:36","date_gmt":"2016-02-12T08:09:36","guid":{"rendered":"http:\/\/demos.famethemes.com\/onepress\/?page_id=17"},"modified":"2026-05-03T12:54:56","modified_gmt":"2026-05-03T12:54:56","slug":"our-history","status":"publish","type":"page","link":"https:\/\/arzbilisim.com\/?page_id=17","title":{"rendered":"Hakk\u0131m\u0131zda 1"},"content":{"rendered":"<p>Arz Bili\u015fim Teknolojileri Tan\u0131t\u0131m Hizmetleri olarak, dijital d\u00fcnyan\u0131n dinamiklerini sekt\u00f6rdeki tecr\u00fcbemizle birle\u015ftiriyor; markan\u0131z\u0131n ihtiya\u00e7 duydu\u011fu t\u00fcm teknolojik ve g\u00f6rsel \u00e7\u00f6z\u00fcmleri tek bir \u00e7at\u0131 alt\u0131nda sunuyoruz. Kuruldu\u011fumuz g\u00fcnden bu yana, m\u00fc\u015fterilerimizin dijital d\u00f6n\u00fc\u015f\u00fcm s\u00fcre\u00e7lerine rehberlik etmek ve kurumsal kimliklerini en etkili \u015fekilde yans\u0131tmak temel misyonumuz olmu\u015ftur.<\/p>\n","protected":false},"excerpt":{"rendered":"<p>Arz Bili\u015fim Teknolojileri Tan\u0131t\u0131m Hizmetleri olarak, dijital d\u00fcnyan\u0131n dinamiklerini sekt\u00f6rdeki tecr\u00fcbemizle birle\u015ftiriyor; markan\u0131z\u0131n ihtiya\u00e7 duydu\u011fu t\u00fcm teknolojik ve g\u00f6rsel \u00e7\u00f6z\u00fcmleri tek bir \u00e7at\u0131 alt\u0131nda sunuyoruz.<\/p>\n","protected":false},"author":1,"featured_media":4523,"parent":0,"menu_order":0,"comment_status":"closed","ping_status":"closed","template":"","meta":{"footnotes":""},"class_list":["post-17","page","type-page","status-publish","has-post-thumbnail","hentry"],"_links":{"self":[{"href":"https:\/\/arzbilisim.com\/index.php?rest_route=\/wp\/v2\/pages\/17","targetHints":{"allow":["GET"]}}],"collection":[{"href":"https:\/\/arzbilisim.com\/index.php?rest_route=\/wp\/v2\/pages"}],"about":[{"href":"https:\/\/arzbilisim.com\/index.php?rest_route=\/wp\/v2\/types\/page"}],"author":[{"embeddable":true,"href":"https:\/\/arzbilisim.com\/index.php?rest_route=\/wp\/v2\/users\/1"}],"replies":[{"embeddable":true,"href":"https:\/\/arzbilisim.com\/index.php?rest_route=%2Fwp%2Fv2%2Fcomments&post=17"}],"version-history":[{"count":3,"href":"https:\/\/arzbilisim.com\/index.php?rest_route=\/wp\/v2\/pages\/17\/revisions"}],"predecessor-version":[{"id":4527,"href":"https:\/\/arzbilisim.com\/index.php?rest_route=\/wp\/v2\/pages\/17\/revisions\/4527"}],"wp:featuredmedia":[{"embeddable":true,"href":"https:\/\/arzbilisim.com\/index.php?rest_route=\/wp\/v2\/media\/4523"}],"wp:attachment":[{"href":"https:\/\/arzbilisim.com\/index.php?rest_route=%2Fwp%2Fv2%2Fmedia&parent=17"}],"curies":[{"name":"wp","href":"https:\/\/api.w.org\/{rel}","templated":true}]}}